{"id":24,"date":"2025-06-10T14:35:07","date_gmt":"2025-06-10T14:35:07","guid":{"rendered":"https:\/\/jesusgiron.com\/index.php\/services\/"},"modified":"2026-02-06T17:27:35","modified_gmt":"2026-02-06T17:27:35","slug":"formacion-y-oposiciones","status":"publish","type":"page","link":"https:\/\/jesusgiron.com\/index.php\/formacion-y-oposiciones\/","title":{"rendered":"Experiencia, Formaci\u00f3n y Oposiciones docentes"},"content":{"rendered":"\t\t<div data-elementor-type=\"wp-page\" data-elementor-id=\"24\" class=\"elementor elementor-24\">\n\t\t\t\t<div class=\"elementor-element elementor-element-79337ab3 e-flex e-con-boxed e-con e-parent\" data-id=\"79337ab3\" data-element_type=\"container\">\n\t\t\t\t\t<div class=\"e-con-inner\">\n\t\t\t\t<div class=\"elementor-element elementor-element-194f2976 elementor-widget elementor-widget-heading\" data-id=\"194f2976\" data-element_type=\"widget\" data-widget_type=\"heading.default\">\n\t\t\t\t<div class=\"elementor-widget-container\">\n\t\t\t\t\t<h1 class=\"elementor-heading-title elementor-size-default\">Trayectoria docente<\/h1>\t\t\t\t<\/div>\n\t\t\t\t<\/div>\n\t\t\t\t<div class=\"elementor-element elementor-element-47d860d6 elementor-widget-divider--view-line elementor-widget elementor-widget-divider\" data-id=\"47d860d6\" data-element_type=\"widget\" data-widget_type=\"divider.default\">\n\t\t\t\t<div class=\"elementor-widget-container\">\n\t\t\t\t\t\t\t<div class=\"elementor-divider\">\n\t\t\t<span class=\"elementor-divider-separator\">\n\t\t\t\t\t\t<\/span>\n\t\t<\/div>\n\t\t\t\t\t\t<\/div>\n\t\t\t\t<\/div>\n\t\t\t\t<div class=\"elementor-element elementor-element-647280b7 elementor-widget__width-initial elementor-widget-tablet__width-initial elementor-widget elementor-widget-heading\" data-id=\"647280b7\" data-element_type=\"widget\" data-widget_type=\"heading.default\">\n\t\t\t\t<div class=\"elementor-widget-container\">\n\t\t\t\t\t<h5 class=\"elementor-heading-title elementor-size-default\">Desde el a\u00f1o 2010 como funcionario de carrera, he combinado la docencia en mi especialidad de f\u00edsica y qu\u00edmica, con el desempe\u00f1o de distintas funciones y cargos en institutos p\u00fablicos andaluces. Soy profesor asociado en la Universidad de M\u00e1laga y colaborador con Instituciones Superiores y Universidades privadas. Toda esta experiencia, junto a mi formaci\u00f3n como Doctor en Educaci\u00f3n, me hace tener una visi\u00f3n privilegiada del entorno educativo y afrontar el \u00e1mbito did\u00e1ctico de la preparaci\u00f3n de oposiciones de cualquier especialidad con \u00e9xito. <\/h5>\t\t\t\t<\/div>\n\t\t\t\t<\/div>\n\t\t\t\t\t<\/div>\n\t\t\t\t<\/div>\n\t\t<div class=\"elementor-element elementor-element-7e361ef8 e-flex e-con-boxed e-con e-parent\" data-id=\"7e361ef8\" data-element_type=\"container\" id=\"service1\">\n\t\t\t\t\t<div class=\"e-con-inner\">\n\t\t<div class=\"elementor-element elementor-element-132928fd e-con-full e-flex e-con e-child\" data-id=\"132928fd\" data-element_type=\"container\">\n\t\t\t\t<div class=\"elementor-element elementor-element-62b9e50a elementor-widget__width-initial elementor-widget elementor-widget-heading\" data-id=\"62b9e50a\" data-element_type=\"widget\" data-widget_type=\"heading.default\">\n\t\t\t\t<div class=\"elementor-widget-container\">\n\t\t\t\t\t<h5 class=\"elementor-heading-title elementor-size-default\">Profesor de Ense\u00f1anza Secundaria: F\u00edsica y Qu\u00edmica. \nFuncionario de carrera de la Junta de Andaluc\u00eda (2010)<\/h5>\t\t\t\t<\/div>\n\t\t\t\t<\/div>\n\t\t\t\t<div class=\"elementor-element elementor-element-7f0d478e elementor-widget__width-initial elementor-widget elementor-widget-text-editor\" data-id=\"7f0d478e\" data-element_type=\"widget\" data-widget_type=\"text-editor.default\">\n\t\t\t\t<div class=\"elementor-widget-container\">\n\t\t\t\t\t\t\t\t\t<ul><li>Miembro del Equipo de Expertos STEM de la Delegaci\u00f3n Territorial de M\u00e1laga<\/li><li>Miembro de equipo directivo en IES (director y secretario)<\/li><li>Jefe de Dpto. de Formaci\u00f3n, Evaluaci\u00f3n e Innovaci\u00f3n Educativa (FEIE) en IES\u00a0\u00a0<\/li><li>Formador del CEP de M\u00e1laga\u00a0<\/li><li>Ponente en \u00abCampus cient\u00edficos de verano\u00bb de la FECYT<\/li><li>Profesor del programa de excelencia deportiva (CEEDA)<\/li><li>Tutor profesional de alumnado del M\u00e1ster de Secundaria<\/li><\/ul>\t\t\t\t\t\t\t\t<\/div>\n\t\t\t\t<\/div>\n\t\t\t\t<\/div>\n\t\t<div class=\"elementor-element elementor-element-2f14ea25 e-con-full e-flex e-con e-child\" data-id=\"2f14ea25\" data-element_type=\"container\" data-settings=\"{&quot;background_background&quot;:&quot;classic&quot;}\">\n\t\t\t\t<div class=\"elementor-element elementor-element-4e4c8cd elementor-widget elementor-widget-image\" data-id=\"4e4c8cd\" data-element_type=\"widget\" data-widget_type=\"image.default\">\n\t\t\t\t<div class=\"elementor-widget-container\">\n\t\t\t\t\t\t\t\t\t\t\t\t\t\t\t<img fetchpriority=\"high\" decoding=\"async\" width=\"800\" height=\"600\" src=\"https:\/\/jesusgiron.com\/wp-content\/uploads\/2025\/11\/IMG-20220929-WA0018.jpg\" class=\"attachment-large size-large wp-image-311\" alt=\"\" srcset=\"https:\/\/jesusgiron.com\/wp-content\/uploads\/2025\/11\/IMG-20220929-WA0018.jpg 1024w, https:\/\/jesusgiron.com\/wp-content\/uploads\/2025\/11\/IMG-20220929-WA0018-300x225.jpg 300w, https:\/\/jesusgiron.com\/wp-content\/uploads\/2025\/11\/IMG-20220929-WA0018-768x576.jpg 768w\" sizes=\"(max-width: 800px) 100vw, 800px\" \/>\t\t\t\t\t\t\t\t\t\t\t\t\t\t\t<\/div>\n\t\t\t\t<\/div>\n\t\t\t\t<div class=\"elementor-element elementor-element-a4030c4 elementor-widget elementor-widget-image\" data-id=\"a4030c4\" data-element_type=\"widget\" data-widget_type=\"image.default\">\n\t\t\t\t<div class=\"elementor-widget-container\">\n\t\t\t\t\t\t\t\t\t\t\t\t\t\t\t<img decoding=\"async\" width=\"800\" height=\"598\" src=\"https:\/\/jesusgiron.com\/wp-content\/uploads\/2025\/11\/IMG_4027-1024x765.jpg\" class=\"attachment-large size-large wp-image-305\" alt=\"\" srcset=\"https:\/\/jesusgiron.com\/wp-content\/uploads\/2025\/11\/IMG_4027-1024x765.jpg 1024w, https:\/\/jesusgiron.com\/wp-content\/uploads\/2025\/11\/IMG_4027-300x224.jpg 300w, https:\/\/jesusgiron.com\/wp-content\/uploads\/2025\/11\/IMG_4027-768x574.jpg 768w, https:\/\/jesusgiron.com\/wp-content\/uploads\/2025\/11\/IMG_4027-1536x1147.jpg 1536w, https:\/\/jesusgiron.com\/wp-content\/uploads\/2025\/11\/IMG_4027-2048x1530.jpg 2048w\" sizes=\"(max-width: 800px) 100vw, 800px\" \/>\t\t\t\t\t\t\t\t\t\t\t\t\t\t\t<\/div>\n\t\t\t\t<\/div>\n\t\t\t\t<div class=\"elementor-element elementor-element-2db543f elementor-widget elementor-widget-image\" data-id=\"2db543f\" data-element_type=\"widget\" data-widget_type=\"image.default\">\n\t\t\t\t<div class=\"elementor-widget-container\">\n\t\t\t\t\t\t\t\t\t\t\t\t\t\t\t<img decoding=\"async\" width=\"800\" height=\"600\" src=\"https:\/\/jesusgiron.com\/wp-content\/uploads\/2025\/11\/IMG_8081-1024x768.jpg\" class=\"attachment-large size-large wp-image-304\" alt=\"\" srcset=\"https:\/\/jesusgiron.com\/wp-content\/uploads\/2025\/11\/IMG_8081-1024x768.jpg 1024w, https:\/\/jesusgiron.com\/wp-content\/uploads\/2025\/11\/IMG_8081-300x225.jpg 300w, https:\/\/jesusgiron.com\/wp-content\/uploads\/2025\/11\/IMG_8081-768x576.jpg 768w, https:\/\/jesusgiron.com\/wp-content\/uploads\/2025\/11\/IMG_8081-1536x1152.jpg 1536w, https:\/\/jesusgiron.com\/wp-content\/uploads\/2025\/11\/IMG_8081-2048x1536.jpg 2048w\" sizes=\"(max-width: 800px) 100vw, 800px\" \/>\t\t\t\t\t\t\t\t\t\t\t\t\t\t\t<\/div>\n\t\t\t\t<\/div>\n\t\t\t\t<\/div>\n\t\t\t\t\t<\/div>\n\t\t\t\t<\/div>\n\t\t<div class=\"elementor-element elementor-element-ea413a5 e-con-full e-flex e-con e-parent\" data-id=\"ea413a5\" data-element_type=\"container\">\n\t\t\t\t<div class=\"elementor-element elementor-element-ffbc260 elementor-widget__width-initial elementor-widget-mobile__width-initial elementor-widget elementor-widget-image\" data-id=\"ffbc260\" data-element_type=\"widget\" data-widget_type=\"image.default\">\n\t\t\t\t<div class=\"elementor-widget-container\">\n\t\t\t\t\t\t\t\t\t\t\t\t\t\t\t<img loading=\"lazy\" decoding=\"async\" width=\"800\" height=\"533\" src=\"https:\/\/jesusgiron.com\/wp-content\/uploads\/2025\/11\/IMG-20241213-WA0012-copia-1024x682.jpg\" class=\"attachment-large size-large wp-image-265\" alt=\"\" srcset=\"https:\/\/jesusgiron.com\/wp-content\/uploads\/2025\/11\/IMG-20241213-WA0012-copia-1024x682.jpg 1024w, https:\/\/jesusgiron.com\/wp-content\/uploads\/2025\/11\/IMG-20241213-WA0012-copia-300x200.jpg 300w, https:\/\/jesusgiron.com\/wp-content\/uploads\/2025\/11\/IMG-20241213-WA0012-copia-768x512.jpg 768w, https:\/\/jesusgiron.com\/wp-content\/uploads\/2025\/11\/IMG-20241213-WA0012-copia.jpg 1039w\" sizes=\"(max-width: 800px) 100vw, 800px\" \/>\t\t\t\t\t\t\t\t\t\t\t\t\t\t\t<\/div>\n\t\t\t\t<\/div>\n\t\t<div class=\"elementor-element elementor-element-9a3c111 e-con-full e-flex e-con e-child\" data-id=\"9a3c111\" data-element_type=\"container\">\n\t\t\t\t<div class=\"elementor-element elementor-element-8b07fbd elementor-widget__width-initial elementor-widget elementor-widget-heading\" data-id=\"8b07fbd\" data-element_type=\"widget\" data-widget_type=\"heading.default\">\n\t\t\t\t<div class=\"elementor-widget-container\">\n\t\t\t\t\t<h2 class=\"elementor-heading-title elementor-size-default\">Profesor Universitario<\/h2>\t\t\t\t<\/div>\n\t\t\t\t<\/div>\n\t\t\t\t<div class=\"elementor-element elementor-element-f399bbc elementor-widget__width-initial elementor-widget elementor-widget-text-editor\" data-id=\"f399bbc\" data-element_type=\"widget\" data-widget_type=\"text-editor.default\">\n\t\t\t\t<div class=\"elementor-widget-container\">\n\t\t\t\t\t\t\t\t\t<ul><li><strong><span style=\"color: #000000;\">Profesor Asociado en Universidad de M\u00e1laga<\/span><\/strong> (2024-Actualidad)<\/li><li>Profesor colaborador en Universidad Europea (a\u00f1o 2022-Actualidad)\u00a0<\/li><li>Profesor en Universidad Internacional de Valencia VIU (a\u00f1os 2020-2024)<\/li><li>Profesor en Universidad UNIE (curso 2023-24)<\/li><\/ul>\t\t\t\t\t\t\t\t<\/div>\n\t\t\t\t<\/div>\n\t\t\t\t<\/div>\n\t\t\t\t<\/div>\n\t\t<div class=\"elementor-element elementor-element-0f796df e-con-full e-flex e-con e-parent\" data-id=\"0f796df\" data-element_type=\"container\">\n\t\t\t\t<div class=\"elementor-element elementor-element-b33c754 elementor-widget__width-initial elementor-widget-mobile__width-initial elementor-widget elementor-widget-image\" data-id=\"b33c754\" data-element_type=\"widget\" data-widget_type=\"image.default\">\n\t\t\t\t<div class=\"elementor-widget-container\">\n\t\t\t\t\t\t\t\t\t\t\t\t\t\t\t<img loading=\"lazy\" decoding=\"async\" width=\"800\" height=\"600\" src=\"https:\/\/jesusgiron.com\/wp-content\/uploads\/2025\/11\/IMG-20240307-WA0028-1-1024x768.jpg\" class=\"attachment-large size-large wp-image-295\" alt=\"\" srcset=\"https:\/\/jesusgiron.com\/wp-content\/uploads\/2025\/11\/IMG-20240307-WA0028-1-1024x768.jpg 1024w, https:\/\/jesusgiron.com\/wp-content\/uploads\/2025\/11\/IMG-20240307-WA0028-1-300x225.jpg 300w, https:\/\/jesusgiron.com\/wp-content\/uploads\/2025\/11\/IMG-20240307-WA0028-1-768x576.jpg 768w, https:\/\/jesusgiron.com\/wp-content\/uploads\/2025\/11\/IMG-20240307-WA0028-1-1536x1152.jpg 1536w, https:\/\/jesusgiron.com\/wp-content\/uploads\/2025\/11\/IMG-20240307-WA0028-1.jpg 1600w\" sizes=\"(max-width: 800px) 100vw, 800px\" \/>\t\t\t\t\t\t\t\t\t\t\t\t\t\t\t<\/div>\n\t\t\t\t<\/div>\n\t\t<div class=\"elementor-element elementor-element-1fed2f4 e-con-full e-flex e-con e-child\" data-id=\"1fed2f4\" data-element_type=\"container\">\n\t\t\t\t<div class=\"elementor-element elementor-element-e3de077 elementor-widget__width-initial elementor-widget elementor-widget-text-editor\" data-id=\"e3de077\" data-element_type=\"widget\" data-widget_type=\"text-editor.default\">\n\t\t\t\t<div class=\"elementor-widget-container\">\n\t\t\t\t\t\t\t\t\t<ul><li><strong>Miembro grupo de investigaci\u00f3n ENCIC<\/strong> (HUM-974)<\/li><li>Revisor revista \u00abEureka did\u00e1ctica de las Ciencias Experimentales\u00bb<\/li><li>Acreditado por ANECA para las figuras de Profesor de Universidad Privada y Contratado Doctor<\/li><li>Reconocimiento de un Sexenio de Investigaci\u00f3n por la ANECA<\/li><\/ul>\t\t\t\t\t\t\t\t<\/div>\n\t\t\t\t<\/div>\n\t\t\t\t<\/div>\n\t\t\t\t<\/div>\n\t\t<div class=\"elementor-element elementor-element-38b24392 e-con-full e-flex e-con e-parent\" data-id=\"38b24392\" data-element_type=\"container\" id=\"service3\" data-settings=\"{&quot;background_background&quot;:&quot;slideshow&quot;,&quot;background_slideshow_gallery&quot;:[],&quot;background_slideshow_loop&quot;:&quot;yes&quot;,&quot;background_slideshow_slide_duration&quot;:5000,&quot;background_slideshow_slide_transition&quot;:&quot;fade&quot;,&quot;background_slideshow_transition_duration&quot;:500}\">\n\t\t<div class=\"elementor-element elementor-element-162e45bf e-con-full e-flex e-con e-child\" data-id=\"162e45bf\" data-element_type=\"container\">\n\t\t\t\t<div class=\"elementor-element elementor-element-4aa2e462 elementor-widget__width-initial elementor-widget elementor-widget-heading\" data-id=\"4aa2e462\" data-element_type=\"widget\" data-widget_type=\"heading.default\">\n\t\t\t\t<div class=\"elementor-widget-container\">\n\t\t\t\t\t<h2 class=\"elementor-heading-title elementor-size-default\">Premios y  reconocimientos<\/h2>\t\t\t\t<\/div>\n\t\t\t\t<\/div>\n\t\t\t\t<div class=\"elementor-element elementor-element-5ef27139 elementor-widget__width-initial elementor-widget elementor-widget-text-editor\" data-id=\"5ef27139\" data-element_type=\"widget\" data-widget_type=\"text-editor.default\">\n\t\t\t\t<div class=\"elementor-widget-container\">\n\t\t\t\t\t\t\t\t\t<p><strong>2\u00ba Premio<\/strong> educativo de la <strong>Confederaci\u00f3n de Sociedades Cient\u00edficas de Espa\u00f1a (CSIC)<\/strong> con el trabajo \u201c\u00bfSon todas las leches iguales?\u201d<\/p><p><strong>2\u00ba Premio<\/strong> \u201cLa qu\u00edmica es salud\u201d de la <strong>Real Sociedad Espa\u00f1ola de Qu\u00edmica<\/strong> (colabora Delegaci\u00f3n Educaci\u00f3n de M\u00e1laga).<\/p><p><strong>1\u00ba Premio<\/strong> \u201cLa qu\u00edmica en mi ciudad\u201d de la <strong>Real Sociedad Espa\u00f1ola de Qu\u00edmica<\/strong> (colabora Delegaci\u00f3n Educaci\u00f3n de M\u00e1laga).<\/p><p><strong>2\u00baPremio<\/strong> \u201cLa qu\u00edmica en nuestra vida\u201d de la fundaci\u00f3n general de la <strong>Universidad de M\u00e1laga.<\/strong><\/p><p><b>3\u00ba<\/b> <strong>premio<\/strong> \u201cLa qu\u00edmica en nuestra vida\u201d de la fundaci\u00f3n general de la <strong>Universidad de M\u00e1laga.<\/strong><\/p>\t\t\t\t\t\t\t\t<\/div>\n\t\t\t\t<\/div>\n\t\t\t\t<\/div>\n\t\t<div class=\"elementor-element elementor-element-4429700b e-con-full e-flex e-con e-child\" data-id=\"4429700b\" data-element_type=\"container\" data-settings=\"{&quot;background_background&quot;:&quot;classic&quot;}\">\n\t\t\t\t<\/div>\n\t\t\t\t<\/div>\n\t\t<div class=\"elementor-element elementor-element-128a2bbd e-con-full e-flex e-con e-parent\" data-id=\"128a2bbd\" data-element_type=\"container\">\n\t\t\t\t<div class=\"elementor-element elementor-element-27105924 elementor-widget elementor-widget-heading\" data-id=\"27105924\" data-element_type=\"widget\" data-widget_type=\"heading.default\">\n\t\t\t\t<div class=\"elementor-widget-container\">\n\t\t\t\t\t<h2 class=\"elementor-heading-title elementor-size-default\">Oposiciones docentes<\/h2>\t\t\t\t<\/div>\n\t\t\t\t<\/div>\n\t\t<div class=\"elementor-element elementor-element-502693de e-con-full e-flex e-con e-child\" data-id=\"502693de\" data-element_type=\"container\">\n\t\t<div class=\"elementor-element elementor-element-167bdd42 e-con-full e-flex e-con e-child\" data-id=\"167bdd42\" data-element_type=\"container\">\n\t\t\t\t<div class=\"elementor-element elementor-element-49fb3311 elementor-position-top elementor-widget elementor-widget-image-box\" data-id=\"49fb3311\" data-element_type=\"widget\" data-widget_type=\"image-box.default\">\n\t\t\t\t<div class=\"elementor-widget-container\">\n\t\t\t\t\t<div class=\"elementor-image-box-wrapper\"><figure class=\"elementor-image-box-img\"><a href=\"https:\/\/library.elementor.com\/local-services-wireframe-3-flexbox\/services\/#service1\" tabindex=\"-1\"><img loading=\"lazy\" decoding=\"async\" width=\"271\" height=\"222\" src=\"https:\/\/jesusgiron.com\/wp-content\/uploads\/2025\/11\/Captura-de-pantalla-2025-11-13-171118.png\" class=\"attachment-full size-full wp-image-423\" alt=\"\" \/><\/a><\/figure><div class=\"elementor-image-box-content\"><h3 class=\"elementor-image-box-title\"><a href=\"https:\/\/library.elementor.com\/local-services-wireframe-3-flexbox\/services\/#service1\">Krishna R.<\/a><\/h3><p class=\"elementor-image-box-description\">Muy buena experiencia, gran preparador del que me llevo un gran aprendizaje<\/p><\/div><\/div>\t\t\t\t<\/div>\n\t\t\t\t<\/div>\n\t\t\t\t<\/div>\n\t\t<div class=\"elementor-element elementor-element-3e548360 e-con-full e-flex e-con e-child\" data-id=\"3e548360\" data-element_type=\"container\">\n\t\t\t\t<div class=\"elementor-element elementor-element-61d94a64 elementor-position-top elementor-widget elementor-widget-image-box\" data-id=\"61d94a64\" data-element_type=\"widget\" data-widget_type=\"image-box.default\">\n\t\t\t\t<div class=\"elementor-widget-container\">\n\t\t\t\t\t<div class=\"elementor-image-box-wrapper\"><figure class=\"elementor-image-box-img\"><a href=\"https:\/\/library.elementor.com\/local-services-wireframe-3-flexbox\/services\/#service3\" tabindex=\"-1\"><img loading=\"lazy\" decoding=\"async\" width=\"256\" height=\"237\" src=\"https:\/\/jesusgiron.com\/wp-content\/uploads\/2025\/11\/Captura-de-pantalla-2025-11-13-171302.png\" class=\"attachment-full size-full wp-image-425\" alt=\"\" \/><\/a><\/figure><div class=\"elementor-image-box-content\"><h3 class=\"elementor-image-box-title\"><a href=\"https:\/\/library.elementor.com\/local-services-wireframe-3-flexbox\/services\/#service3\">Mara G. <\/a><\/h3><p class=\"elementor-image-box-description\">Una muy buena experiencia. Unas clases fruct\u00edferas de las que he aprendido muchisimo de cada una de ellas. Un trato inmejorable e insuperable por parte del preparador, el cual se involucra con nosotros a un nivel m\u00e1ximo<\/p><\/div><\/div>\t\t\t\t<\/div>\n\t\t\t\t<\/div>\n\t\t\t\t<\/div>\n\t\t<div class=\"elementor-element elementor-element-460206c9 e-con-full e-flex e-con e-child\" data-id=\"460206c9\" data-element_type=\"container\">\n\t\t\t\t<div class=\"elementor-element elementor-element-e693758 elementor-position-top elementor-widget elementor-widget-image-box\" data-id=\"e693758\" data-element_type=\"widget\" data-widget_type=\"image-box.default\">\n\t\t\t\t<div class=\"elementor-widget-container\">\n\t\t\t\t\t<div class=\"elementor-image-box-wrapper\"><figure class=\"elementor-image-box-img\"><a href=\"https:\/\/library.elementor.com\/local-services-wireframe-3-flexbox\/services\/#service4\" tabindex=\"-1\"><img loading=\"lazy\" decoding=\"async\" width=\"253\" height=\"198\" src=\"https:\/\/jesusgiron.com\/wp-content\/uploads\/2025\/11\/Captura-de-pantalla-2025-11-13-171411.png\" class=\"attachment-full size-full wp-image-428\" alt=\"\" \/><\/a><\/figure><div class=\"elementor-image-box-content\"><h3 class=\"elementor-image-box-title\"><a href=\"https:\/\/library.elementor.com\/local-services-wireframe-3-flexbox\/services\/#service4\">To\u00f1i E. <\/a><\/h3><p class=\"elementor-image-box-description\">Excelente, no solo por la formaci\u00f3n, tambi\u00e9n por el trato humano y motivaci\u00f3n transmitida<\/p><\/div><\/div>\t\t\t\t<\/div>\n\t\t\t\t<\/div>\n\t\t\t\t<\/div>\n\t\t\t\t<\/div>\n\t\t\t\t<\/div>\n\t\t\t\t<\/div>\n\t\t","protected":false},"excerpt":{"rendered":"<p>Trayectoria docente Desde el a\u00f1o 2010 como funcionario de carrera, he combinado la docencia en mi especialidad de f\u00edsica y qu\u00edmica, con el desempe\u00f1o de distintas funciones y cargos en institutos p\u00fablicos andaluces. Soy profesor asociado en la Universidad de M\u00e1laga y colaborador con Instituciones Superiores y Universidades privadas. Toda esta experiencia, junto a mi [&hellip;]<\/p>\n","protected":false},"author":1,"featured_media":0,"parent":0,"menu_order":0,"comment_status":"closed","ping_status":"closed","template":"","meta":{"footnotes":""},"class_list":["post-24","page","type-page","status-publish","hentry"],"_links":{"self":[{"href":"https:\/\/jesusgiron.com\/index.php\/wp-json\/wp\/v2\/pages\/24","targetHints":{"allow":["GET"]}}],"collection":[{"href":"https:\/\/jesusgiron.com\/index.php\/wp-json\/wp\/v2\/pages"}],"about":[{"href":"https:\/\/jesusgiron.com\/index.php\/wp-json\/wp\/v2\/types\/page"}],"author":[{"embeddable":true,"href":"https:\/\/jesusgiron.com\/index.php\/wp-json\/wp\/v2\/users\/1"}],"replies":[{"embeddable":true,"href":"https:\/\/jesusgiron.com\/index.php\/wp-json\/wp\/v2\/comments?post=24"}],"version-history":[{"count":66,"href":"https:\/\/jesusgiron.com\/index.php\/wp-json\/wp\/v2\/pages\/24\/revisions"}],"predecessor-version":[{"id":592,"href":"https:\/\/jesusgiron.com\/index.php\/wp-json\/wp\/v2\/pages\/24\/revisions\/592"}],"wp:attachment":[{"href":"https:\/\/jesusgiron.com\/index.php\/wp-json\/wp\/v2\/media?parent=24"}],"curies":[{"name":"wp","href":"https:\/\/api.w.org\/{rel}","templated":true}]}}